{"id":472,"date":"2023-11-22T19:03:17","date_gmt":"2023-11-23T01:03:17","guid":{"rendered":"https:\/\/riiest.izt.uam.mx\/?page_id=472"},"modified":"2025-01-20T00:11:30","modified_gmt":"2025-01-20T06:11:30","slug":"seminarios","status":"publish","type":"page","link":"https:\/\/riiest.izt.uam.mx\/index.php\/seminarios\/","title":{"rendered":"Seminarios"},"content":{"rendered":"\t\t<div data-elementor-type=\"wp-page\" data-elementor-id=\"472\" class=\"elementor elementor-472\" data-elementor-post-type=\"page\">\n\t\t\t\t<div class=\"elementor-element elementor-element-6c76346d e-flex e-con-boxed e-con e-parent\" data-id=\"6c76346d\" data-element_type=\"container\" data-e-type=\"container\" data-settings=\"{&quot;background_background&quot;:&quot;gradient&quot;,&quot;shape_divider_bottom&quot;:&quot;waves&quot;}\">\n\t\t\t\t\t<div class=\"e-con-inner\">\n\t\t\t\t<div class=\"elementor-shape elementor-shape-bottom\" aria-hidden=\"true\" data-negative=\"false\">\n\t\t\t<svg xmlns=\"http:\/\/www.w3.org\/2000\/svg\" viewBox=\"0 0 1000 100\" preserveAspectRatio=\"none\">\n\t<path class=\"elementor-shape-fill\" d=\"M421.9,6.5c22.6-2.5,51.5,0.4,75.5,5.3c23.6,4.9,70.9,23.5,100.5,35.7c75.8,32.2,133.7,44.5,192.6,49.7\n\tc23.6,2.1,48.7,3.5,103.4-2.5c54.7-6,106.2-25.6,106.2-25.6V0H0v30.3c0,0,72,32.6,158.4,30.5c39.2-0.7,92.8-6.7,134-22.4\n\tc21.2-8.1,52.2-18.2,79.7-24.2C399.3,7.9,411.6,7.5,421.9,6.5z\"\/>\n<\/svg>\t\t<\/div>\n\t\t\t\t<div class=\"elementor-element elementor-element-328e7da9 elementor-widget elementor-widget-heading\" data-id=\"328e7da9\" data-element_type=\"widget\" data-e-type=\"widget\" data-widget_type=\"heading.default\">\n\t\t\t\t<div class=\"elementor-widget-container\">\n\t\t\t\t\t<h1 class=\"elementor-heading-title elementor-size-default\">Seminarios<\/h1>\t\t\t\t<\/div>\n\t\t\t\t<\/div>\n\t\t\t\t\t<\/div>\n\t\t\t\t<\/div>\n\t\t<div class=\"elementor-element elementor-element-fd3bbe2 e-flex e-con-boxed e-con e-parent\" data-id=\"fd3bbe2\" data-element_type=\"container\" data-e-type=\"container\">\n\t\t\t\t\t<div class=\"e-con-inner\">\n\t\t<div class=\"elementor-element elementor-element-35735bea e-con-full e-flex e-con e-child\" data-id=\"35735bea\" data-element_type=\"container\" data-e-type=\"container\">\n\t\t\t\t<div class=\"elementor-element elementor-element-17fbec2 elementor-grid-2 elementor-grid-tablet-2 elementor-grid-mobile-1 elementor-posts--thumbnail-top elementor-widget elementor-widget-posts\" data-id=\"17fbec2\" data-element_type=\"widget\" data-e-type=\"widget\" data-settings=\"{&quot;classic_columns&quot;:&quot;2&quot;,&quot;classic_masonry&quot;:&quot;yes&quot;,&quot;classic_columns_tablet&quot;:&quot;2&quot;,&quot;classic_columns_mobile&quot;:&quot;1&quot;,&quot;classic_row_gap&quot;:{&quot;unit&quot;:&quot;px&quot;,&quot;size&quot;:35,&quot;sizes&quot;:[]},&quot;classic_row_gap_tablet&quot;:{&quot;unit&quot;:&quot;px&quot;,&quot;size&quot;:&quot;&quot;,&quot;sizes&quot;:[]},&quot;classic_row_gap_mobile&quot;:{&quot;unit&quot;:&quot;px&quot;,&quot;size&quot;:&quot;&quot;,&quot;sizes&quot;:[]}}\" data-widget_type=\"posts.classic\">\n\t\t\t\t<div class=\"elementor-widget-container\">\n\t\t\t\t\t\t\t<div class=\"elementor-posts-container elementor-posts elementor-posts--skin-classic elementor-grid\">\n\t\t\t\t<article class=\"elementor-post elementor-grid-item post-1371 post type-post status-publish format-standard has-post-thumbnail hentry category-seminarios\">\n\t\t\t\t<a class=\"elementor-post__thumbnail__link\" href=\"https:\/\/riiest.izt.uam.mx\/index.php\/2023\/12\/01\/1er-seminario\/\" tabindex=\"-1\" >\n\t\t\t<div class=\"elementor-post__thumbnail\"><img fetchpriority=\"high\" decoding=\"async\" width=\"1214\" height=\"428\" src=\"https:\/\/riiest.izt.uam.mx\/wp-content\/uploads\/2023\/11\/Captura-de-pantalla-2023-11-29-144613-EDIT.jpg\" class=\"attachment-full size-full wp-image-1301\" alt=\"\" srcset=\"https:\/\/riiest.izt.uam.mx\/wp-content\/uploads\/2023\/11\/Captura-de-pantalla-2023-11-29-144613-EDIT.jpg 1214w, https:\/\/riiest.izt.uam.mx\/wp-content\/uploads\/2023\/11\/Captura-de-pantalla-2023-11-29-144613-EDIT-300x106.jpg 300w, https:\/\/riiest.izt.uam.mx\/wp-content\/uploads\/2023\/11\/Captura-de-pantalla-2023-11-29-144613-EDIT-1024x361.jpg 1024w, https:\/\/riiest.izt.uam.mx\/wp-content\/uploads\/2023\/11\/Captura-de-pantalla-2023-11-29-144613-EDIT-768x271.jpg 768w\" sizes=\"(max-width: 1214px) 100vw, 1214px\" \/><\/div>\n\t\t<\/a>\n\t\t\t\t<div class=\"elementor-post__text\">\n\t\t\t\t<h3 class=\"elementor-post__title\">\n\t\t\t<a href=\"https:\/\/riiest.izt.uam.mx\/index.php\/2023\/12\/01\/1er-seminario\/\" >\n\t\t\t\t1er Seminario\t\t\t<\/a>\n\t\t<\/h3>\n\t\t\t\t<div class=\"elementor-post__excerpt\">\n\t\t\t<p>Compartir esta publicaci\u00f3n Prop\u00f3sito Ulterior al primer seminario que se realiz\u00f3 en el mes de enero, en el cual se expusieron las iniciativas que podr\u00edan<\/p>\n\t\t<\/div>\n\t\t\n\t\t<a class=\"elementor-post__read-more\" href=\"https:\/\/riiest.izt.uam.mx\/index.php\/2023\/12\/01\/1er-seminario\/\" aria-label=\"M\u00e1s informaci\u00f3n sobre 1er Seminario\" tabindex=\"-1\" >\n\t\t\tLeer m\u00e1s \u00bb\t\t<\/a>\n\n\t\t\t\t<\/div>\n\t\t\t\t<\/article>\n\t\t\t\t<\/div>\n\t\t\n\t\t\t\t\t\t<\/div>\n\t\t\t\t<\/div>\n\t\t\t\t<\/div>\n\t\t\t\t\t<\/div>\n\t\t\t\t<\/div>\n\t\t\t\t<\/div>\n\t\t","protected":false},"excerpt":{"rendered":"","protected":false},"author":4,"featured_media":0,"parent":0,"menu_order":0,"comment_status":"closed","ping_status":"closed","template":"elementor_header_footer","meta":{"footnotes":""},"class_list":["post-472","page","type-page","status-publish","hentry"],"_links":{"self":[{"href":"https:\/\/riiest.izt.uam.mx\/index.php\/wp-json\/wp\/v2\/pages\/472","targetHints":{"allow":["GET"]}}],"collection":[{"href":"https:\/\/riiest.izt.uam.mx\/index.php\/wp-json\/wp\/v2\/pages"}],"about":[{"href":"https:\/\/riiest.izt.uam.mx\/index.php\/wp-json\/wp\/v2\/types\/page"}],"author":[{"embeddable":true,"href":"https:\/\/riiest.izt.uam.mx\/index.php\/wp-json\/wp\/v2\/users\/4"}],"replies":[{"embeddable":true,"href":"https:\/\/riiest.izt.uam.mx\/index.php\/wp-json\/wp\/v2\/comments?post=472"}],"version-history":[{"count":25,"href":"https:\/\/riiest.izt.uam.mx\/index.php\/wp-json\/wp\/v2\/pages\/472\/revisions"}],"predecessor-version":[{"id":1765,"href":"https:\/\/riiest.izt.uam.mx\/index.php\/wp-json\/wp\/v2\/pages\/472\/revisions\/1765"}],"wp:attachment":[{"href":"https:\/\/riiest.izt.uam.mx\/index.php\/wp-json\/wp\/v2\/media?parent=472"}],"curies":[{"name":"wp","href":"https:\/\/api.w.org\/{rel}","templated":true}]}}